{"id":75,"date":"2023-11-16T21:14:34","date_gmt":"2023-11-16T20:14:34","guid":{"rendered":"http:\/\/turmschmide.de\/?page_id=3"},"modified":"2023-11-16T21:14:34","modified_gmt":"2023-11-16T20:14:34","slug":"datenschutzerklaerung-2","status":"publish","type":"page","link":"https:\/\/turmschmiede-weilburg.de\/index.php\/datenschutzerklaerung-2\/","title":{"rendered":"Datenschutzerkl\u00e4rung"},"content":{"rendered":"\n<hr class=\"wp-block-separator has-alpha-channel-opacity\"\/>\n\n\n\n<p><strong>Datenschutzerkl\u00e4rung f\u00fcr die Webseite &#8222;Turmschmied&#8220;<\/strong><\/p>\n\n\n\n<p><strong>Inhaber: Christopher Fritsch<\/strong><\/p>\n\n\n\n<p><strong>Adresse:<\/strong> Pfarrgasse 7, Weilburg<\/p>\n\n\n\n<p>Diese Datenschutzerkl\u00e4rung kl\u00e4rt Sie \u00fcber die Art, den Umfang und Zweck der Verarbeitung von personenbezogenen Daten (nachfolgend kurz &#8222;Daten&#8220;) im Rahmen unserer Webseite und der damit verbundenen Funktionen und Inhalte sowie externen Onlinepr\u00e4senzen, wie z.B. unser Social Media Profile auf. Im Hinblick auf die verwendeten Begrifflichkeiten, wie z.B. &#8222;Verarbeitung&#8220; oder &#8222;Verantwortlicher&#8220;, verweisen wir auf die Definitionen im Art. 4 der Datenschutzgrundverordnung (DSGVO).<\/p>\n\n\n\n<p><strong>1. Verantwortlicher<\/strong><\/p>\n\n\n\n<p>Christopher Fritsch Pfarrgasse 7 Weilburg<\/p>\n\n\n\n<p><strong>2. Arten der verarbeiteten Daten:<\/strong><\/p>\n\n\n\n<ul class=\"wp-block-list\">\n<li>Kontaktdaten (z.B. Name, Adresse, Telefonnummer, E-Mail-Adresse)<\/li>\n\n\n\n<li>Reservierungsdaten (z.B. Datum, Uhrzeit)<\/li>\n\n\n\n<li>IP-Adresse, Browsertyp und -version, verwendetes Betriebssystem, Referrer URL, Hostname des zugreifenden Rechners, Uhrzeit der Serveranfrage<\/li>\n\n\n\n<li>Informationen \u00fcber Cookies (siehe Abschnitt 6)<\/li>\n<\/ul>\n\n\n\n<p><strong>3. Zweck der Verarbeitung<\/strong><\/p>\n\n\n\n<ul class=\"wp-block-list\">\n<li>Zur Verf\u00fcgungstellung des Online-Reservierungsdienstes<\/li>\n\n\n\n<li>Beantwortung von Kontaktanfragen und Kommunikation mit Nutzern<\/li>\n\n\n\n<li>Sicherstellung eines reibungslosen Betriebs der Webseite<\/li>\n<\/ul>\n\n\n\n<p><strong>4. Rechtsgrundlage f\u00fcr die Verarbeitung<\/strong><\/p>\n\n\n\n<p>Die Verarbeitung erfolgt auf Grundlage des Art. 6 Abs. 1 lit. a DSGVO (Einwilligung) sowie auf Grundlage berechtigter Interessen gem\u00e4\u00df Art. 6 Abs. 1 lit. f DSGVO (z.B. Betrieb und Optimierung der Webseite).<\/p>\n\n\n\n<p><strong>5. \u00dcbermittlung von Daten an Dritte<\/strong><\/p>\n\n\n\n<p>Eine \u00dcbermittlung von Daten an Dritte erfolgt nur, wenn dies gesetzlich vorgeschrieben ist oder im Rahmen der Reservierung erforderlich ist.<\/p>\n\n\n\n<p><strong>6. Cookies<\/strong><\/p>\n\n\n\n<p>Diese Webseite verwendet Cookies. Cookies sind kleine Textdateien, die von Ihrem Browser auf Ihrem Endger\u00e4t gespeichert werden. Die Cookies dienen dazu, unsere Webseite nutzerfreundlicher zu gestalten und bestimmte Funktionen bereitzustellen. Sie k\u00f6nnen in den Einstellungen Ihres Browsers die Verwendung von Cookies deaktivieren.<\/p>\n\n\n\n<p><strong>7. Analyse-Tools und Werbung<\/strong><\/p>\n\n\n\n<p>Diese Webseite verwendet keine Analyse-Tools oder Werbung von Drittanbietern.<\/p>\n\n\n\n<p><strong>8. Betroffenenrechte<\/strong><\/p>\n\n\n\n<p>Sie haben das Recht auf Auskunft, Berichtigung, L\u00f6schung oder Einschr\u00e4nkung der Verarbeitung Ihrer gespeicherten Daten. Kontaktieren Sie uns hierzu bitte unter den im Impressum angegebenen Kontaktdaten.<\/p>\n\n\n\n<p><strong>9. \u00c4nderungen der Datenschutzerkl\u00e4rung<\/strong><\/p>\n\n\n\n<p>Wir behalten uns vor, diese Datenschutzerkl\u00e4rung anzupassen, damit sie stets den aktuellen rechtlichen Anforderungen entspricht oder um \u00c4nderungen unserer Leistungen in der Datenschutzerkl\u00e4rung umzusetzen.<\/p>\n\n\n\n<hr class=\"wp-block-separator has-alpha-channel-opacity\"\/>\n\n\n\n<p>Diese Aktualisierung ber\u00fccksichtigt die Verwendung von Cookies auf Ihrer Webseite und informiert die Besucher dar\u00fcber. Stellen Sie sicher, dass Sie die Art der verwendeten Cookies, den Zweck und die M\u00f6glichkeit der Deaktivierung transparent erkl\u00e4ren.<\/p>\n","protected":false},"excerpt":{"rendered":"<p>Datenschutzerkl\u00e4rung f\u00fcr die Webseite &#8222;Turmschmied&#8220; Inhaber: Christopher Fritsch Adresse: Pfarrgasse 7, Weilburg Diese Datenschutzerkl\u00e4rung kl\u00e4rt Sie \u00fcber die Art, den Umfang und Zweck der Verarbeitung von personenbezogenen Daten (nachfolgend kurz &#8222;Daten&#8220;) im Rahmen unserer Webseite und der damit verbundenen Funktionen und Inhalte sowie externen Onlinepr\u00e4senzen, wie z.B. unser Social Media Profile auf. Im Hinblick auf &hellip; <\/p>\n<p class=\"link-more\"><a href=\"https:\/\/turmschmiede-weilburg.de\/index.php\/datenschutzerklaerung-2\/\" class=\"more-link\"><span class=\"screen-reader-text\">\u201eDatenschutzerkl\u00e4rung\u201c <\/span>weiterlesen<\/a><\/p>\n","protected":false},"author":1,"featured_media":0,"parent":0,"menu_order":0,"comment_status":"closed","ping_status":"open","template":"","meta":{"footnotes":""},"class_list":["post-75","page","type-page","status-publish","hentry"],"_links":{"self":[{"href":"https:\/\/turmschmiede-weilburg.de\/index.php\/wp-json\/wp\/v2\/pages\/75","targetHints":{"allow":["GET"]}}],"collection":[{"href":"https:\/\/turmschmiede-weilburg.de\/index.php\/wp-json\/wp\/v2\/pages"}],"about":[{"href":"https:\/\/turmschmiede-weilburg.de\/index.php\/wp-json\/wp\/v2\/types\/page"}],"author":[{"embeddable":true,"href":"https:\/\/turmschmiede-weilburg.de\/index.php\/wp-json\/wp\/v2\/users\/1"}],"replies":[{"embeddable":true,"href":"https:\/\/turmschmiede-weilburg.de\/index.php\/wp-json\/wp\/v2\/comments?post=75"}],"version-history":[{"count":0,"href":"https:\/\/turmschmiede-weilburg.de\/index.php\/wp-json\/wp\/v2\/pages\/75\/revisions"}],"wp:attachment":[{"href":"https:\/\/turmschmiede-weilburg.de\/index.php\/wp-json\/wp\/v2\/media?parent=75"}],"curies":[{"name":"wp","href":"https:\/\/api.w.org\/{rel}","templated":true}]}}